{"id":581,"date":"2025-12-19T11:20:08","date_gmt":"2025-12-19T11:20:08","guid":{"rendered":"https:\/\/hoteldemontaulbain.fr\/politique-de-cookies-ue\/"},"modified":"2025-12-19T11:22:11","modified_gmt":"2025-12-19T11:22:11","slug":"politica-cookie-ue","status":"publish","type":"page","link":"https:\/\/hoteldemontaulbain.fr\/it\/politique-de-cookies-ue\/","title":{"rendered":"Politica dei cookie (UE)"},"content":{"rendered":"<p>[et_pb_section fb_built=\u00a0\u00bb1&Prime; _builder_version=\u00a0\u00bb4.27.5&Prime; _module_preset=\u00a0\u00bbdefault\u00a0\u00bb background_color=\u00a0\u00bb#181A1C\u00a0\u00bb global_colors_info=\u00a0\u00bb{}\u00a0\u00bb theme_builder_area=\u00a0\u00bbpost_content\u00a0\u00bb][et_pb_row _builder_version=\u00a0\u00bb4.27.5&Prime; _module_preset=\u00a0\u00bbdefault\u00a0\u00bb global_colors_info=\u00a0\u00bb{}\u00a0\u00bb theme_builder_area=\u00a0\u00bbpost_content\u00a0\u00bb][et_pb_column type=\u00a0\u00bb4_4&Prime; _builder_version=\u00a0\u00bb4.27.5&Prime; _module_preset=\u00a0\u00bbdefault\u00a0\u00bb global_colors_info=\u00a0\u00bb{}\u00a0\u00bb theme_builder_area=\u00a0\u00bbpost_content\u00a0\u00bb][et_pb_text _builder_version=\u00a0\u00bb4.27.5&Prime; _module_preset=\u00a0\u00bbdefault\u00a0\u00bb header_font=\u00a0\u00bb|700|||||||\u00a0\u00bb header_text_color=\u00a0\u00bb#FFFFFF\u00a0\u00bb custom_margin=\u00a0\u00bb100px||||false|false\u00a0\u00bb hover_enabled=\u00a0\u00bb0&Prime; global_colors_info=\u00a0\u00bb{}\u00a0\u00bb theme_builder_area=\u00a0\u00bbpost_content\u00a0\u00bb sticky_enabled=\u00a0\u00bb0&Prime;]<\/p>\n<h1>Politique de cookies<\/h1>\n<p>[\/et_pb_text][et_pb_text _builder_version=\u00a0\u00bb4.27.5&Prime; _module_preset=\u00a0\u00bbdefault\u00a0\u00bb text_font_size=\u00a0\u00bb16px\u00a0\u00bb link_font=\u00a0\u00bb||||on||||\u00a0\u00bb link_text_color=\u00a0\u00bb#00828E\u00a0\u00bb background_layout=\u00a0\u00bbdark\u00a0\u00bb hover_enabled=\u00a0\u00bb0&Prime; global_colors_info=\u00a0\u00bb{}\u00a0\u00bb theme_builder_area=\u00a0\u00bbpost_content\u00a0\u00bb sticky_enabled=\u00a0\u00bb0&Prime;]<\/p>\n<p><span>\n<!-- Legal document generated by Complianz | GDPR\/CCPA Cookie Consent https:\/\/wordpress.org\/plugins\/complianz-gdpr -->\n<div id=\"cmplz-document\" class=\"cmplz-document cookie-statement cmplz-document-eu\"><p><i>Questa politica sui cookie \u00e8 stata aggiornata l'ultima volta il Dicembre 19, 2025 e si applica ai cittadini e ai residenti permanenti legali dello Spazio Economico Europeo e della Svizzera.<\/i><br><\/p><h2>1. Introduzione<\/h2><p>Il nostro sito web, <a href=\"https:\/\/hoteldemontaulbain.fr\/it\">https:\/\/hoteldemontaulbain.fr\/it<\/a> (di seguito: \"il sito web\") utilizza i cookie e altre tecnologie correlate (per comodit\u00e0 tutte le tecnologie sono definite \"cookie\"). I cookie vengono anche inseriti da terze parti che abbiamo ingaggiato. Nel documento sottostante ti informiamo sull'uso dei cookie sul nostro sito web.<\/p><h2>2. Cosa sono i cookie?<\/h2><p>I cookie sono dei semplici file spediti assieme alle pagine di questo sito e salvati dal tuo browser sul disco rigido del tuo computer o altri dispositivi. Le informazioni raccolte in essi possono venire rispediti ai nostri server oppure ai server di terze parti durante la prossima visita.<\/p><h2>3. Cosa sono gli script?<\/h2><p>Uno script \u00e8 un pezzo di codice usato per far funzionare correttamente ed interattivamente il nostro sito. Questo codice viene eseguito sui nostri server o sul tuo dispositivo.<\/p><h2>4. Cos&#039;\u00e8 un web beacon?<\/h2><p>Un web beacon (o pixel tag) \u00e8 un piccolo, invisibile pezzo di testo o immagine su un sito che viene usato per monitorare il traffico di un sito web. Per fare questo, diversi dati su di te vengono conservati utilizzando dei web beacon.<\/p><h2>5. Cookie<\/h2><p class=\"cmplz-subtitle\">5.1 Cookie tecnici o funzionali<\/p><p>Alcuni cookie assicurano il corretto funzionamento del sito e che le tue preferenze rimangano valide. Piazzando cookie funzionali, rendiamo pi\u00f9 facile per te visitare il nostro sito web. In questo modo non devi inserire ripetutamente le stesse informazioni quando visiti il nostro sito web, per esempio, l'oggetto rimane nel tuo carrello finch\u00e9 non hai pagato. Possiamo piazzare questi cookie senza il tuo consenso.<\/p><p class=\"cmplz-subtitle\">5.2 Cookie statistici<\/p><p>Utilizziamo i cookie statistici per ottimizzare l'esperienza del sito web per i nostri utenti. Con questi cookie statistici otteniamo approfondimenti sull'uso del nostro sito web.&nbsp;Chiediamo il tuo permesso per piazzare cookie statistici.<\/p><p class=\"cmplz-subtitle\">5.3 Cookie di marketing\/tracciamento<\/p><p>I cookie di marketing\/tracciamento sono cookie o qualsiasi altra forma di memorizzazione locale, utilizzati per creare profili utente per visualizzare pubblicit\u00e0 o per tracciare l'utente su questo sito web o su diversi siti web per scopi di marketing simili.<\/p><h2>6. Cookie inseriti<\/h2><div id=\"cmplz-cookies-overview\"><\/div><h2>7. Consenso<\/h2><p>Quando visiti il sito web per la prima volta, noi mostreremo un popup con una spiegazione dei cookie. Appena clicchi su \"Enregistrer les pr\u00e9f\u00e9rences\", dai il permesso a noi di usare le categorie di cookie e plugin come descritto in questa dichiarazione relativa ai popup e cookie. Puoi disabilitare i cookie attraverso il tuo browser, ma prendi in considerazione, che il nostro sito web potrebbe non funzionare pi\u00f9 correttamente.<\/p><p class=\"cmplz-subtitle\">7.1 Gestisci le tue impostazioni di consenso<\/p><div id=\"cmplz-manage-consent-container-nojavascript\">Hai caricato la Cookie Policy senza supporto javascript.&nbsp;Su AMP, puoi usare il pulsante di gestione del consenso in fondo alla pagina.<\/div><div id=\"cmplz-manage-consent-container\" class=\"cmplz-manage-consent-container\"><\/div><h2>8. Abilitare\/disabilitare e cancellazione dei cookie<\/h2><p>Puoi usare il tuo browser per cancellare automaticamente o manualmente i cookie. \u00c8 anche possibile specificare che determinati cookie non possono essere piazzati. Un'altra opzione \u00e8 quella di modificare le impostazioni del tuo browser internet in modo da ricevere un messaggio ogni volta che viene inserito un cookie. Per ulteriori informazioni su queste opzioni, consultare le istruzioni nella sezione Guida del tuo browser.<\/p><p>Tieni presente che il nostro sito web potrebbe non funzionare correttamente se tutti i cookie sono disabilitati. Se cancelli i cookie nel vostro browser, essi verranno nuovamente inseriti dopo il consenso fornito quando visiterete nuovamente il nostro sito web.<\/p><h2>9. I tuoi diritti in relazione ai dati personali<\/h2><p>Hai i seguenti diritti relativi ai tuoi dati personali:<\/p><ul>\n                    <li>Hai il diritto di sapere quando i tuoi dati personali sono necessari, cosa succede ad essi, quanto a lungo verranno mantenuti.<\/li>\n                    <li>Diritto di accesso: hai il diritto ad accedere ai tuoi dati personali dei quali siamo a conoscenza.<\/li>\n                    <li>Diritto di rettifica: hai il diritto di completare, correggere, cancellare o bloccare i tuoi dati personali quando lo desideri.<\/li>\n                    <li>Se ci darai il consenso per elaborare i tuoi dati, hai il diritto di revocare questo consenso e di eliminare i tuoi dati personali.<\/li>\n                    <li>Diritto di trasferire i tuoi dati: hai il diritto di richiedere tutti i tuoi dati dal controllore e trasferirli tutti quanti ad un altro controllore.<\/li>\n                    <li>Diritto di opposizione: hai il diritto ad opporti al trattamento dei tuoi dati. Noi rispetteremo questa scelta, a meno che non ci siano delle motivazioni valide per trattarli.<\/li>\n                <\/ul><p>Per esercitare questi diritti, non esitate a contattarci. Si prega di fare riferimento ai dettagli di contatto in fondo a questa Cookie Policy. Se hai un reclamo su come gestiamo i tuoi dati, vorremmo sentirti, ma hai anche il diritto di presentare un reclamo all'autorit\u00e0 di vigilanza (l'Autorit\u00e0 per la Protezione dei Dati).<\/p><h2>10. Dettagli di contatto<\/h2><p>Per domande e\/o commenti riguardo la Cookie Policy e questa dichiarazione, per favore contattaci usando i seguenti dati di contatto:<\/p><p><span class=\"cmplz-contact-organisation\">SAS La Capsule<\/span><br>\n                      <span class=\"cmplz-contact-address\">4 RUE DE LA VIEILLE PRISON, 55100 VERDUN<\/span><br>\n                      <span class=\"cmplz-contact-country\">Francia<\/span><br>\n                      <span class=\"cmplz-contact-domain\">Sito web: <a href=\"https:\/\/hoteldemontaulbain.fr\/it\">https:\/\/hoteldemontaulbain.fr\/it<\/a><\/span><br>\n                      <span class=\"cmplz-contact-email\">Email: <span class=\"cmplz-obfuscate\">con&#116;&#097;&#099;&#116;@<span class=\"cmplz-fmail-domain\">ex.co&#109;<\/span>&#104;&#111;&#116;el&#100;&#101;m&#111;&#110;t&#097;u&#108;&#098;ain.fr<\/span><\/span><br>\n                    <span class=\"cmplz-contact-telephone\">Numero di telefono: +33 6 13 56 47 08<\/span><\/p><p>Questa politica sui cookie \u00e8 stata sincronizzata con <a href=\"https:\/\/cookiedatabase.org\/\" target=\"_blank\" rel=\"noopener\">cookiedatabase.org<\/a> il Febbraio 21, 2026.<\/p><\/div><\/span><\/p>\n<p>[\/et_pb_text][\/et_pb_column][\/et_pb_row][\/et_pb_section]<\/p>\n","protected":false},"excerpt":{"rendered":"<p>Politica sui cookie\n<!-- Legal document generated by Complianz | GDPR\/CCPA Cookie Consent https:\/\/wordpress.org\/plugins\/complianz-gdpr -->\n<div id=\"cmplz-document\" class=\"cmplz-document cookie-statement cmplz-document-eu\"><p><i>Questa politica sui cookie \u00e8 stata aggiornata l'ultima volta il Dicembre 19, 2025 e si applica ai cittadini e ai residenti permanenti legali dello Spazio Economico Europeo e della Svizzera.<\/i><br><\/p><h2>1. Introduzione<\/h2><p>Our website, <a href=\"https:\/\/hoteldemontaulbain.fr\/it\">https:\/\/hoteldemontaulbain.fr\/it<\/a> (di seguito: \"il sito web\") utilizza cookie e tecnologie correlate (tutte le tecnologie sono definite per comodit\u00e0 \"cookie\"). I cookie sono utilizzati anche da terze parti che abbiamo incaricato. Nel presente documento ti informiamo sull'uso dei cookie sul nostro sito web.<\/p><h2>Cosa sono i cookie?<\/h2><p>I cookie sono semplici file che vengono inviati insieme alle pagine di questo sito e salvati dal tuo browser sul disco rigido del tuo computer o altri dispositivi. Le informazioni raccolte in essi possono essere rimandate ai nostri server o ai server di terze parti durante la prossima visita.<\/p><h2>3. Cosa sono gli script?<\/h2><p>Uno script \u00e8 un pezzo di codice utilizzato per far funzionare correttamente e in modo interattivo il nostro sito web. Questo codice viene eseguito sui nostri server o sul tuo dispositivo.<\/p><h2>Un web beacon \u00e8 un'immagine digitale (spesso un singolo pixel) inserita in una pagina web o in un'e-mail. Viene utilizzata per monitorare il comportamento di un utente, come ad esempio quante pagine visita o quanto tempo trascorre su di esse. Pu\u00f2 essere utilizzata anche per raccogliere informazioni sul computer dell'utente, come l'indirizzo IP, il tipo di browser e il sistema operativo.<\/h2><p>Un web beacon (o pixel tag) \u00e8 un piccolo pezzo di testo o immagine, invisibile, su un sito che viene usato per monitorare il traffico di un sito web. Per fare ci\u00f2, diversi dati su di te vengono conservati utilizzando i web beacon.<\/p><h2>5. Biscotto<\/h2><p class=\"cmplz-subtitle\">5.1 Cookie tecnici o di funzionalit\u00e0<\/p><p>Alcuni cookie garantiscono il corretto funzionamento del sito e che le tue preferenze rimangano valide. Piazzando cookie funzionali, ti facilitiamo la visita al nostro sito web. In questo modo non \u00e8 necessario inserire ripetutamente le stesse informazioni quando visiti il nostro sito web, ad esempio, l'articolo rimane nel tuo carrello finch\u00e9 non hai pagato. Possiamo piazzare questi cookie senza il tuo consenso.<\/p><p class=\"cmplz-subtitle\">5.2 Cookie statistici<\/p><p>Utilizziamo cookie statistici per ottimizzare l'esperienza del sito web per i nostri utenti. Con questi cookie statistici otteniamo informazioni sull'uso del nostro sito web. Chiediamo il tuo permesso per installare cookie statistici.<\/p><p class=\"cmplz-subtitle\">5.3 Cookie di marketing\/tracciamento<\/p><p>I cookie di marketing\/tracciamento sono cookie o qualsiasi altra forma di memorizzazione locale, utilizzati per creare profili utente per visualizzare pubblicit\u00e0 o per tracciare l'utente su questo sito web o su diversi siti web per scopi di marketing simili.<\/p><h2>6. Cookie inseriti<\/h2><div id=\"cmplz-cookies-overview\"><\/div><h2>7. Consenso<\/h2><p>Quando visiti per la prima volta il nostro sito web, ti verr\u00e0 mostrato un popup con una spiegazione sui cookie. Cliccando su \"Salva le preferenze\", ci consenti di utilizzare le categorie di cookie e plugin descritte nella presente informativa sui cookie e popup. Puoi disattivare i cookie tramite il tuo browser, ma tieni presente che il nostro sito web potrebbe non funzionare pi\u00f9 correttamente.<\/p><p class=\"cmplz-subtitle\">7.1 Gestisci le tue impostazioni di consenso<\/p><div id=\"cmplz-manage-consent-container-nojavascript\">Hai caricato la Cookie Policy senza supporto javascript.&nbsp;Su AMP, puoi usare il pulsante di gestione del consenso in fondo alla pagina.<\/div><div id=\"cmplz-manage-consent-container\" class=\"cmplz-manage-consent-container\"><\/div><h2>8. Abilitazione\/disabilitazione ed eliminazione dei cookie<\/h2><p>\u00c8 possibile utilizzare il browser per eliminare automaticamente o manualmente i cookie. \u00c8 anche possibile specificare che determinati cookie non possono essere inviati. Un'altra opzione \u00e8 modificare le impostazioni del browser Internet in modo da ricevere un messaggio ogni volta che viene inviato un cookie. Per ulteriori informazioni su queste opzioni, consultare le istruzioni nella sezione Guida del browser.<\/p><p>Tieni presente che il nostro sito web potrebbe non funzionare correttamente se tutti i cookie sono disabilitati. Se cancelli i cookie nel tuo browser, essi verranno nuovamente inseriti dopo il consenso fornito quando visiterai nuovamente il nostro sito web.<\/p><h2>9. I tuoi diritti in relazione ai dati personali<\/h2><p>Hai i seguenti diritti relativi ai tuoi dati personali:<\/p><ul>\n                    <li>Hai il diritto di sapere quando i tuoi dati personali sono necessari, cosa succede ad essi e per quanto tempo verranno conservati.<\/li>\n                    <li>Diritto di accesso: hai il diritto di accedere ai tuoi dati personali in nostro possesso.<\/li>\n                    <li>Diritto di rettifica: hai il diritto di integrare, correggere, cancellare o bloccare i tuoi dati personali ogni volta che lo desideri.<\/li>\n                    <li>Se ci darai il consenso per elaborare i tuoi dati, hai il diritto di revocare questo consenso e di eliminare i tuoi dati personali.<\/li>\n                    <li>Diritto alla portabilit\u00e0 dei dati: hai il diritto di richiedere tutti i tuoi dati al titolare del trattamento e di trasmetterli integralmente a un altro titolare del trattamento.<\/li>\n                    <li>Diritto di opposizione: hai il diritto di opporti al trattamento dei tuoi dati. Rispetteremo questa scelta, a meno che non ci siano motivazioni valide per trattarli.<\/li>\n                <\/ul><p>Per esercitare questi diritti, non esitare a contattarci. Si prega di fare riferimento ai dettagli di contatto in fondo a questa Cookie Policy. Se hai un reclamo su come gestiamo i tuoi dati, ci piacerebbe sentirlo, ma hai anche il diritto di presentare un reclamo all'autorit\u00e0 di vigilanza (l'Autorit\u00e0 per la Protezione dei Dati).<\/p><h2>10. Dettagli di contatto<\/h2><p>Per domande e\/o commenti riguardo la Cookie Policy e questa dichiarazione, per favore contattaci usando i seguenti dati di contatto:<\/p><p><span class=\"cmplz-contact-organisation\">SAS La Capsule<\/span><br>\n                      <span class=\"cmplz-contact-address\">4 RUE DE LA VIEILLE PRISON, 55100 VERDUN<\/span><br>\n                      <span class=\"cmplz-contact-country\">Francia<\/span><br>\n                      <span class=\"cmplz-contact-domain\">Sito web <a href=\"https:\/\/hoteldemontaulbain.fr\/it\">https:\/\/hoteldemontaulbain.fr\/it<\/a><\/span><br>\n                      <span class=\"cmplz-contact-email\">Email: <span class=\"cmplz-obfuscate\">&#099;ont&#097;&#099;t@<span class=\"cmplz-fmail-domain\">&#101;x.co&#109;<\/span>ho&#116;e&#108;&#100;e&#109;ont&#097;&#117;&#108;b&#097;&#105;n.fr<\/span><\/span><br>\n                    <span class=\"cmplz-contact-telephone\">Numero di telefono: +33 6 13 56 47 08<\/span><\/p><p>Questa politica sui cookie \u00e8 stata sincronizzata con <a href=\"https:\/\/cookiedatabase.org\/\" target=\"_blank\">cookiedatabase.org<\/a> il Febbraio 21, 2026.<\/p><\/div><\/p>","protected":false},"author":1,"featured_media":0,"parent":0,"menu_order":0,"comment_status":"closed","ping_status":"closed","template":"","meta":{"_et_pb_use_builder":"on","_et_pb_old_content":"<!-- wp:complianz\/document {\"title\":\"Politique de cookies (UE)\",\"selectedDocument\":\"cookie-statement\"} \/-->","_et_gb_content_width":"","inline_featured_image":false,"footnotes":""},"class_list":["post-581","page","type-page","status-publish","hentry"],"_links":{"self":[{"href":"https:\/\/hoteldemontaulbain.fr\/it\/wp-json\/wp\/v2\/pages\/581","targetHints":{"allow":["GET"]}}],"collection":[{"href":"https:\/\/hoteldemontaulbain.fr\/it\/wp-json\/wp\/v2\/pages"}],"about":[{"href":"https:\/\/hoteldemontaulbain.fr\/it\/wp-json\/wp\/v2\/types\/page"}],"author":[{"embeddable":true,"href":"https:\/\/hoteldemontaulbain.fr\/it\/wp-json\/wp\/v2\/users\/1"}],"replies":[{"embeddable":true,"href":"https:\/\/hoteldemontaulbain.fr\/it\/wp-json\/wp\/v2\/comments?post=581"}],"version-history":[{"count":2,"href":"https:\/\/hoteldemontaulbain.fr\/it\/wp-json\/wp\/v2\/pages\/581\/revisions"}],"predecessor-version":[{"id":583,"href":"https:\/\/hoteldemontaulbain.fr\/it\/wp-json\/wp\/v2\/pages\/581\/revisions\/583"}],"wp:attachment":[{"href":"https:\/\/hoteldemontaulbain.fr\/it\/wp-json\/wp\/v2\/media?parent=581"}],"curies":[{"name":"wp","href":"https:\/\/api.w.org\/{rel}","templated":true}]}}