{"id":514,"date":"2025-12-16T14:57:18","date_gmt":"2025-12-16T14:57:18","guid":{"rendered":"https:\/\/hoteldemontaulbain.fr\/?page_id=514"},"modified":"2025-12-19T08:42:28","modified_gmt":"2025-12-19T08:42:28","slug":"legal-notices","status":"publish","type":"page","link":"https:\/\/hoteldemontaulbain.fr\/en\/mentions-legales\/","title":{"rendered":"Legal notice"},"content":{"rendered":"<p>[et_pb_section fb_built=\u00a0\u00bb1&Prime; _builder_version=\u00a0\u00bb4.27.5&Prime; _module_preset=\u00a0\u00bbdefault\u00a0\u00bb background_color=\u00a0\u00bb#181A1C\u00a0\u00bb global_colors_info=\u00a0\u00bb{}\u00a0\u00bb][et_pb_row _builder_version=\u00a0\u00bb4.27.5&Prime; _module_preset=\u00a0\u00bbdefault\u00a0\u00bb global_colors_info=\u00a0\u00bb{}\u00a0\u00bb][et_pb_column type=\u00a0\u00bb4_4&Prime; _builder_version=\u00a0\u00bb4.27.5&Prime; _module_preset=\u00a0\u00bbdefault\u00a0\u00bb global_colors_info=\u00a0\u00bb{}\u00a0\u00bb][et_pb_text _builder_version=\u00a0\u00bb4.27.5&Prime; _module_preset=\u00a0\u00bbdefault\u00a0\u00bb header_font=\u00a0\u00bb|700|||||||\u00a0\u00bb header_text_color=\u00a0\u00bb#FFFFFF\u00a0\u00bb custom_margin=\u00a0\u00bb100px||||false|false\u00a0\u00bb global_colors_info=\u00a0\u00bb{}\u00a0\u00bb]<\/p>\n<h1>Mentions l\u00e9gales<\/h1>\n<p>[\/et_pb_text][et_pb_text _builder_version=\u00a0\u00bb4.27.5&Prime; _module_preset=\u00a0\u00bbdefault\u00a0\u00bb text_font_size=\u00a0\u00bb16px\u00a0\u00bb link_font=\u00a0\u00bb||||on||||\u00a0\u00bb link_text_color=\u00a0\u00bb#00828E\u00a0\u00bb background_layout=\u00a0\u00bbdark\u00a0\u00bb hover_enabled=\u00a0\u00bb0&Prime; global_colors_info=\u00a0\u00bb{}\u00a0\u00bb sticky_enabled=\u00a0\u00bb0&Prime;]<\/p>\n<p><strong>Ce site est \u00e9dit\u00e9 par :<\/strong><\/p>\n<p>H\u00f4tel de Montaulbain<\/p>\n<p>&nbsp;<\/p>\n<p><strong>Adresse :<\/strong><\/p>\n<div>\n<p class=\"et_pb_module_header\"><span class=\"addressToUpdate\" data-address-type=\"line\" data-address-id=\"38109254\">4 rue de la Vieille Prison 55100 Verdun France<\/span><\/p>\n<\/div>\n<p><strong>\u00a0<\/strong><\/p>\n<p><strong>Adresse \u00e9lectronique :<\/strong><\/p>\n<p>contact@hoteldemontaulbain.fr<\/p>\n<p><strong>\u00a0<\/strong><\/p>\n<p><strong>T\u00e9l\u00e9phone :<\/strong><\/p>\n<p class=\"et_pb_module_header\"><span>+33 (0)6 13 56 47 08<\/span><\/p>\n<p><strong>\u00a0<\/strong><\/p>\n<p><strong>N\u00b0 SIRET de l\u2019\u00e9tablissement :<\/strong><\/p>\n<p>82761262300013<\/p>\n<p><strong>\u00a0<\/strong><\/p>\n<p><strong>N\u00b0 d\u2019assujettissement \u00e0 la TVA :<\/strong><\/p>\n<p>FR79827612623<\/p>\n<p><strong>\u00a0<\/strong><\/p>\n<p><strong>Directeur de r\u00e9daction et de publication :<\/strong><\/p>\n<p>Deborah P\u00eacheur<\/p>\n<p>&nbsp;<\/p>\n<p>Ce site a \u00e9t\u00e9 con\u00e7u et r\u00e9alis\u00e9 par <a href=\"https:\/\/www.dlw-communication.com\/\" target=\"_blank\" rel=\"noopener\">DLW Communication<\/a><\/p>\n<p><strong>Son h\u00e9bergement est assur\u00e9 par la soci\u00e9t\u00e9<\/strong> <strong>OVH<\/strong><\/p>\n<p><span>SAS au capital de 10 000 000 \u20ac RCS Roubaix<br \/>Tourcoing 424 761 419 00045<br \/>Code APE 6202A \u2013 N\u00b0 TVA : FR 22 424 761 419<\/span><\/p>\n<p><span><em><strong><\/strong><\/em><\/span><span><em><strong>Si\u00e8ge social :<\/strong><\/em><br \/>2 rue Kellermann<br \/>59100 Roubaix \u2013 France.<\/span><\/p>\n<p>[\/et_pb_text][\/et_pb_column][\/et_pb_row][\/et_pb_section]<\/p>\n","protected":false},"excerpt":{"rendered":"<p>Legal Notice\n\nThis site is published by:\nH\u00f4tel de Montaulbain\nAddress: 4 rue de la Vieille Prison, 55100 Verdun, France\nEmail: contact@hoteldemontaulbain.fr\nTelephone: +33 (0)6 13 56 47 08\n\nEstablishment SIRET number: 82761262300013\nVAT identification number: FR79827612623\n\nEditor and Publication Director: Deborah P\u00eacheur\n\nThis site was designed and developed by DLW Communication.\n\nIts hosting is provided by OVH SAS.\nShare capital: \u20ac10,000,000\nRCS Roubaix-Tourcoing: 424 761 419 00045\nAPE Code: 6202A\nVAT No.: FR 22 424 761 419\nRegistered office: 2 rue Kellermann, 59100 Roubaix \u2013 France.<\/p>","protected":false},"author":1,"featured_media":0,"parent":0,"menu_order":0,"comment_status":"closed","ping_status":"closed","template":"","meta":{"_et_pb_use_builder":"on","_et_pb_old_content":"","_et_gb_content_width":"","inline_featured_image":false,"footnotes":""},"class_list":["post-514","page","type-page","status-publish","hentry"],"_links":{"self":[{"href":"https:\/\/hoteldemontaulbain.fr\/en\/wp-json\/wp\/v2\/pages\/514","targetHints":{"allow":["GET"]}}],"collection":[{"href":"https:\/\/hoteldemontaulbain.fr\/en\/wp-json\/wp\/v2\/pages"}],"about":[{"href":"https:\/\/hoteldemontaulbain.fr\/en\/wp-json\/wp\/v2\/types\/page"}],"author":[{"embeddable":true,"href":"https:\/\/hoteldemontaulbain.fr\/en\/wp-json\/wp\/v2\/users\/1"}],"replies":[{"embeddable":true,"href":"https:\/\/hoteldemontaulbain.fr\/en\/wp-json\/wp\/v2\/comments?post=514"}],"version-history":[{"count":4,"href":"https:\/\/hoteldemontaulbain.fr\/en\/wp-json\/wp\/v2\/pages\/514\/revisions"}],"predecessor-version":[{"id":564,"href":"https:\/\/hoteldemontaulbain.fr\/en\/wp-json\/wp\/v2\/pages\/514\/revisions\/564"}],"wp:attachment":[{"href":"https:\/\/hoteldemontaulbain.fr\/en\/wp-json\/wp\/v2\/media?parent=514"}],"curies":[{"name":"wp","href":"https:\/\/api.w.org\/{rel}","templated":true}]}}